{"id":6039,"date":"2022-06-20T10:45:26","date_gmt":"2022-06-20T15:45:26","guid":{"rendered":"http:\/\/goal-auto-insurance.three.zysites.com\/about-us\/"},"modified":"2023-12-12T15:10:14","modified_gmt":"2023-12-12T21:10:14","slug":"about-us","status":"publish","type":"page","link":"https:\/\/www.goalinsured.com\/es\/about-us\/","title":{"rendered":"Acerca de nosotros"},"content":{"rendered":"<p>Bienvenidos a nuestro nuevo sitio web<\/p>\n<p>Nuestro dedicado personal de profesionales de seguros est\u00e1 aqu\u00ed para ayudarlo a obtener una p\u00f3liza de seguro que lo proteja a usted y a sus seres queridos en los a\u00f1os venideros. Con un amplio conocimiento de nuestras numerosas compa\u00f1\u00edas, estamos equipados para buscar la mejor p\u00f3liza que se adapte a sus necesidades. Nuestro trabajo es ayudarlo a navegar a trav\u00e9s del mar de opciones de pol\u00edticas y aclarar cualquier pregunta o inquietud que pueda tener en el camino.<\/p>\n<p>Hemos atendido exitosamente a cientos de clientes y estamos decididos a tratar a cada individuo con respeto y compasi\u00f3n. Comprar un seguro puede ser dif\u00edcil, pero nuestro personal hace el trabajo por usted. Mantenga su tranquilidad sabiendo que nuestros profesionales de seguros lo respaldan.<\/p>\n","protected":false},"excerpt":{"rendered":"<p>Bienvenidos a nuestro nuevo sitio web Nuestro dedicado personal de profesionales de seguros est\u00e1 aqu\u00ed para ayudarlo a obtener una [&hellip;]<\/p>\n","protected":false},"author":35,"featured_media":0,"parent":0,"menu_order":0,"comment_status":"closed","ping_status":"closed","template":"","meta":{"_acf_changed":false,"_seopress_robots_primary_cat":"0","_seopress_titles_title":"","_seopress_titles_desc":"","_seopress_robots_index":"","_analytify_skip_tracking":false,"footnotes":""},"class_list":["post-6039","page","type-page","status-publish","hentry"],"acf":[],"_links":{"self":[{"href":"https:\/\/www.goalinsured.com\/es\/wp-json\/wp\/v2\/pages\/6039","targetHints":{"allow":["GET"]}}],"collection":[{"href":"https:\/\/www.goalinsured.com\/es\/wp-json\/wp\/v2\/pages"}],"about":[{"href":"https:\/\/www.goalinsured.com\/es\/wp-json\/wp\/v2\/types\/page"}],"author":[{"embeddable":true,"href":"https:\/\/www.goalinsured.com\/es\/wp-json\/wp\/v2\/users\/35"}],"replies":[{"embeddable":true,"href":"https:\/\/www.goalinsured.com\/es\/wp-json\/wp\/v2\/comments?post=6039"}],"version-history":[{"count":0,"href":"https:\/\/www.goalinsured.com\/es\/wp-json\/wp\/v2\/pages\/6039\/revisions"}],"wp:attachment":[{"href":"https:\/\/www.goalinsured.com\/es\/wp-json\/wp\/v2\/media?parent=6039"}],"curies":[{"name":"wp","href":"https:\/\/api.w.org\/{rel}","templated":true}]}}